{"id":314,"date":"2023-08-30T23:20:16","date_gmt":"2023-08-30T21:20:16","guid":{"rendered":"http:\/\/czarnamewastudio.pl\/?page_id=314"},"modified":"2023-09-07T18:27:52","modified_gmt":"2023-09-07T16:27:52","slug":"strona-glowna","status":"publish","type":"page","link":"http:\/\/czarnamewastudio.pl\/","title":{"rendered":"Strona g\u0142\u00f3wna"},"content":{"rendered":"\n<p>Czarna Mewa Studio to projekt Agnieszki Nawrockiej i jej wsp\u00f3\u0142pracownik\u00f3w. Na co dzie\u0144 dzia\u0142amy w obszarze medialnym. Zajmujemy si\u0119 g\u0142\u00f3wnie kultur\u0105, cho\u0107 niestraszne nam inne wyzwania. Tworzymy projekty video: od scenariusza, przez filmowanie po monta\u017c. Wieloletnia praca w telewizji \u2013 tworzenie projekt\u00f3w studyjnych, plenerowych, teatr\u00f3w tv, news\u00f3w i reporta\u017cy, zar\u00f3wno od strony redaktorskiej jak i realizacyjnej \u2013 to nasz g\u0142\u00f3wny atut. Stoj\u0105 za nami profesjonalne podej\u015bcie, do\u015bwiadczenie i wci\u0105\u017c \u015bwie\u017ce, otwarte g\u0142owy. Jeste\u015bmy gotowi podj\u0105\u0107 si\u0119 nowych wyzwa\u0144. By\u0107 mo\u017ce w\u0142a\u015bnie z Tob\u0105!<\/p>\n","protected":false},"excerpt":{"rendered":"<p>Czarna Mewa Studio to projekt Agnieszki Nawrockiej i jej wsp\u00f3\u0142pracownik\u00f3w. Na co dzie\u0144 dzia\u0142amy w obszarze medialnym. Zajmujemy si\u0119 g\u0142\u00f3wnie kultur\u0105, cho\u0107 niestraszne nam inne wyzwania. Tworzymy projekty video: od scenariusza, przez filmowanie po monta\u017c. Wieloletnia praca w telewizji \u2013 tworzenie projekt\u00f3w studyjnych, plenerowych, teatr\u00f3w tv, news\u00f3w i reporta\u017cy, zar\u00f3wno od strony redaktorskiej jak i [&hellip;]<\/p>\n","protected":false},"author":3,"featured_media":0,"parent":0,"menu_order":0,"comment_status":"closed","ping_status":"closed","template":"page-template\/custom-frontpage.php","meta":{"_vp_format_video_url":"","_vp_image_focal_point":[],"footnotes":""},"class_list":["post-314","page","type-page","status-publish","hentry"],"_links":{"self":[{"href":"http:\/\/czarnamewastudio.pl\/index.php\/wp-json\/wp\/v2\/pages\/314","targetHints":{"allow":["GET"]}}],"collection":[{"href":"http:\/\/czarnamewastudio.pl\/index.php\/wp-json\/wp\/v2\/pages"}],"about":[{"href":"http:\/\/czarnamewastudio.pl\/index.php\/wp-json\/wp\/v2\/types\/page"}],"author":[{"embeddable":true,"href":"http:\/\/czarnamewastudio.pl\/index.php\/wp-json\/wp\/v2\/users\/3"}],"replies":[{"embeddable":true,"href":"http:\/\/czarnamewastudio.pl\/index.php\/wp-json\/wp\/v2\/comments?post=314"}],"version-history":[{"count":5,"href":"http:\/\/czarnamewastudio.pl\/index.php\/wp-json\/wp\/v2\/pages\/314\/revisions"}],"predecessor-version":[{"id":367,"href":"http:\/\/czarnamewastudio.pl\/index.php\/wp-json\/wp\/v2\/pages\/314\/revisions\/367"}],"wp:attachment":[{"href":"http:\/\/czarnamewastudio.pl\/index.php\/wp-json\/wp\/v2\/media?parent=314"}],"curies":[{"name":"wp","href":"https:\/\/api.w.org\/{rel}","templated":true}]}}